{"id":14,"date":"2025-06-11T18:21:03","date_gmt":"2025-06-11T18:21:03","guid":{"rendered":"https:\/\/glossauer-luca.web.kslinz.at\/persoenlichWebsite\/?page_id=14"},"modified":"2025-06-13T13:54:39","modified_gmt":"2025-06-13T13:54:39","slug":"home-2","status":"publish","type":"page","link":"https:\/\/glossauer-luca.web.kslinz.at\/persoenlichWebsite\/","title":{"rendered":"Home"},"content":{"rendered":"\n<div class=\"wp-block-uagb-container uagb-block-eb0aa213 alignfull uagb-is-root-container\"><div class=\"uagb-container-inner-blocks-wrap\">\n<div class=\"wp-block-uagb-container uagb-layout-grid uagb-block-77137965\">\n<div class=\"wp-block-uagb-advanced-heading uagb-block-b371cc12\"><h1 class=\"uagb-heading-text\">Luca Glossauer<\/h1><\/div>\n<\/div>\n\n\n\n<div class=\"wp-block-uagb-image alignleft uagb-block-92247bfd wp-block-uagb-image--layout-default wp-block-uagb-image--effect-static wp-block-uagb-image--align-left\"><figure class=\"wp-block-uagb-image__figure\"><img decoding=\"async\" srcset=\"https:\/\/glossauer-luca.web.kslinz.at\/persoenlichWebsite\/wp-content\/uploads\/2025\/06\/Image-16.jpeg ,https:\/\/glossauer-luca.web.kslinz.at\/persoenlichWebsite\/wp-content\/uploads\/2025\/06\/Image-16.jpeg 780w, https:\/\/glossauer-luca.web.kslinz.at\/persoenlichWebsite\/wp-content\/uploads\/2025\/06\/Image-16.jpeg 360w\" sizes=\"auto, (max-width: 480px) 150px\" src=\"https:\/\/glossauer-luca.web.kslinz.at\/persoenlichWebsite\/wp-content\/uploads\/2025\/06\/Image-16.jpeg\" alt=\"\" class=\"uag-image-304\" width=\"1195\" height=\"450\" title=\"Image (16)\" loading=\"lazy\" role=\"img\"\/><\/figure><\/div>\n<\/div><\/div>\n\n\n\n<div class=\"wp-block-uagb-container uagb-layout-grid uagb-block-28fa86dc alignfull uagb-is-root-container\"><div class=\"uagb-container-inner-blocks-wrap\">\n<div class=\"wp-block-uagb-info-box uagb-block-f3852b2e uagb-infobox__content-wrap  uagb-infobox-icon-above-title uagb-infobox-image-valign-top wp-block-uagb-info-box--has-margin\"><div class=\"uagb-infobox-margin-wrapper\"><div class=\"uagb-ifb-content\"><div class=\"uagb-ifb-title-wrap\"><span class=\"uagb-ifb-title-prefix\">\u00dcber mich<\/span><h2 class=\"uagb-ifb-title\">Luca Glossauer<\/h2><\/div><p class=\"uagb-ifb-desc\">Mein Name ist Luca Glossauer, bin 16 Jahre alt und gehe in die HLW der Kreuzschwestern Schule in Linz. Der Schwerpunkt dieser Schule, liegt auf Mediendesign.<br>Ich bin Mitglied in einem Tennisverein und einem Fu\u00dfballverein.<\/p><div class=\"uagb-ifb-button-wrapper wp-block-button\"><a href=\"about\/\" class=\"uagb-infobox-cta-link wp-block-button__link\" target=\"_self\" rel=\"noopener noreferrer\" onclick=\"return true;\"><span class=\"uagb-inline-editing\">\u00dcber mich<\/span><\/a><\/div><\/div><\/div><\/div>\n<\/div><\/div>\n\n\n\n<div class=\"wp-block-uagb-container uagb-block-2bbc57c7 alignfull uagb-is-root-container\"><div class=\"uagb-container-inner-blocks-wrap\">\n<div class=\"wp-block-uagb-advanced-heading uagb-block-7b6eba87\"><p class=\"uagb-desc-text\">Leistungen<\/p><h2 class=\"uagb-heading-text\">Fotografie, Mediendesign &amp; Informatik<\/h2><\/div>\n\n\n\n<div class=\"wp-block-uagb-container uagb-block-0fdda6ff\">\n<div class=\"wp-block-uagb-container uagb-block-04cba7a5\">\n<div class=\"wp-block-uagb-info-box uagb-block-e4c7a34e uagb-infobox__content-wrap  uagb-infobox-icon-above-title uagb-infobox-image-valign-top wp-block-uagb-info-box--has-margin\"><div class=\"uagb-infobox-margin-wrapper\"><div class=\"uagb-ifb-content\"><div class=\"uagb-ifb-title-wrap\"><h2 class=\"uagb-ifb-title-prefix\">01.<\/h2><h3 class=\"uagb-ifb-title\">Fotografie<\/h3><\/div><p class=\"uagb-ifb-desc\">Hochwertige Fotos f\u00fcr diverse Zwecke<\/p><\/div><\/div><\/div>\n<\/div>\n\n\n\n<div class=\"wp-block-uagb-container uagb-block-b80cdc99\">\n<div class=\"wp-block-uagb-info-box uagb-block-281474da uagb-infobox__content-wrap  uagb-infobox-icon-above-title uagb-infobox-image-valign-top wp-block-uagb-info-box--has-margin\"><div class=\"uagb-infobox-margin-wrapper\"><div class=\"uagb-ifb-content\"><div class=\"uagb-ifb-title-wrap\"><h2 class=\"uagb-ifb-title-prefix\">02.<\/h2><h3 class=\"uagb-ifb-title\">Mediendesign<\/h3><\/div><p class=\"uagb-ifb-desc\">Moderne Designs f\u00fcr Print &amp; Web<\/p><\/div><\/div><\/div>\n<\/div>\n\n\n\n<div class=\"wp-block-uagb-container uagb-block-8a1354b6\">\n<div class=\"wp-block-uagb-info-box uagb-block-c9efee38 uagb-infobox__content-wrap  uagb-infobox-icon-above-title uagb-infobox-image-valign-top wp-block-uagb-info-box--has-margin\"><div class=\"uagb-infobox-margin-wrapper\"><div class=\"uagb-ifb-content\"><div class=\"uagb-ifb-title-wrap\"><h2 class=\"uagb-ifb-title-prefix\">03.<\/h2><h3 class=\"uagb-ifb-title\">Informatik<\/h3><\/div><p class=\"uagb-ifb-desc\">Kreative Inhalte f\u00fcrs Programieren<\/p><\/div><\/div><\/div>\n<\/div>\n<\/div>\n<\/div><\/div>\n\n\n\n<div class=\"wp-block-uagb-container uagb-block-43900d48 alignfull uagb-is-root-container\"><div class=\"uagb-container-inner-blocks-wrap\">\n<div class=\"wp-block-uagb-container uag-blocks-common-selector uagb-layout-grid uagb-block-3dc33a14 default uagb-is-root-container\">\n<div class=\"wp-block-uagb-advanced-heading uagb-block-0e7c4e68\"><h2 class=\"uagb-heading-text\">Mein Projekte<\/h2><\/div>\n\n\n\n<div class=\"wp-block-uagb-buttons uagb-buttons__outer-wrap uagb-btn__default-btn uagb-btn-tablet__default-btn uagb-btn-mobile__default-btn uagb-block-70776913\"><div class=\"uagb-buttons__wrap uagb-buttons-layout-wrap \">\n<div class=\"wp-block-uagb-buttons-child uagb-buttons__outer-wrap uagb-block-7fce3167 wp-block-button\"><div class=\"uagb-button__wrapper\"><a class=\"uagb-buttons-repeater wp-block-button__link\" aria-label=\"\" href=\"https:\/\/glossauer-luca.web.kslinz.at\/persoenlichWebsite\/services\/\" rel=\"follow noopener\" target=\"_self\" role=\"button\"><div class=\"uagb-button__link\">Projekte<\/div><\/a><\/div><\/div>\n<\/div><\/div>\n<\/div>\n\n\n\n<div class=\"wp-block-uagb-advanced-heading uagb-block-2d8b3864\"><p class=\"uagb-desc-text\">Meine St\u00e4rken<\/p><h2 class=\"uagb-heading-text\"> Kreativit\u00e4t, hohe Qualit\u00e4t, individuelle L\u00f6sungen<\/h2><\/div>\n\n\n\n<div class=\"wp-block-uagb-container uagb-block-6724c035\">\n<div class=\"wp-block-uagb-info-box uagb-block-de372885 uagb-infobox__content-wrap  uagb-infobox-icon-above-title uagb-infobox-image-valign-top\"><div class=\"uagb-ifb-content\"><div class=\"uagb-ifb-icon-wrap\"><div class=\"uagb-iconbox-icon-wrap uagb-infobox-shape-circle\"><svg xmlns=\"https:\/\/www.w3.org\/2000\/svg\" viewBox=\"0 0 448 512\"><path d=\"M438.6 105.4C451.1 117.9 451.1 138.1 438.6 150.6L182.6 406.6C170.1 419.1 149.9 419.1 137.4 406.6L9.372 278.6C-3.124 266.1-3.124 245.9 9.372 233.4C21.87 220.9 42.13 220.9 54.63 233.4L159.1 338.7L393.4 105.4C405.9 92.88 426.1 92.88 438.6 105.4H438.6z\"><\/path><\/svg><\/div><\/div><div class=\"uagb-ifb-title-wrap\"><h3 class=\"uagb-ifb-title\">Fotografie<\/h3><\/div><p class=\"uagb-ifb-desc\">Hochwertige Bilder mit Fokus auf \u00c4sthetik und kreativen Bildkompositionen.<\/p><\/div><\/div>\n\n\n\n<div class=\"wp-block-uagb-info-box uagb-block-6ccedceb uagb-infobox__content-wrap  uagb-infobox-icon-above-title uagb-infobox-image-valign-top\"><div class=\"uagb-ifb-content\"><div class=\"uagb-ifb-icon-wrap\"><div class=\"uagb-iconbox-icon-wrap uagb-infobox-shape-circle\"><svg xmlns=\"https:\/\/www.w3.org\/2000\/svg\" viewBox=\"0 0 448 512\"><path d=\"M438.6 105.4C451.1 117.9 451.1 138.1 438.6 150.6L182.6 406.6C170.1 419.1 149.9 419.1 137.4 406.6L9.372 278.6C-3.124 266.1-3.124 245.9 9.372 233.4C21.87 220.9 42.13 220.9 54.63 233.4L159.1 338.7L393.4 105.4C405.9 92.88 426.1 92.88 438.6 105.4H438.6z\"><\/path><\/svg><\/div><\/div><div class=\"uagb-ifb-title-wrap\"><h3 class=\"uagb-ifb-title\">Mediendesign<\/h3><\/div><p class=\"uagb-ifb-desc\">Moderne Designs, die Funktionalit\u00e4t und \u00c4sthetik perfekt verbinden.<\/p><\/div><\/div>\n\n\n\n<div class=\"wp-block-uagb-info-box uagb-block-633f3615 uagb-infobox__content-wrap  uagb-infobox-icon-above-title uagb-infobox-image-valign-top\"><div class=\"uagb-ifb-content\"><div class=\"uagb-ifb-icon-wrap\"><div class=\"uagb-iconbox-icon-wrap uagb-infobox-shape-circle\"><svg xmlns=\"https:\/\/www.w3.org\/2000\/svg\" viewBox=\"0 0 448 512\"><path d=\"M438.6 105.4C451.1 117.9 451.1 138.1 438.6 150.6L182.6 406.6C170.1 419.1 149.9 419.1 137.4 406.6L9.372 278.6C-3.124 266.1-3.124 245.9 9.372 233.4C21.87 220.9 42.13 220.9 54.63 233.4L159.1 338.7L393.4 105.4C405.9 92.88 426.1 92.88 438.6 105.4H438.6z\"><\/path><\/svg><\/div><\/div><div class=\"uagb-ifb-title-wrap\"><h3 class=\"uagb-ifb-title\">Informatik<\/h3><\/div><p class=\"uagb-ifb-desc\">Kreative Ideen f\u00fcr das erstellen von Websites, und das Programmieren mit Codes<\/p><\/div><\/div>\n<\/div>\n<\/div><\/div>\n\n\n\n<div class=\"wp-block-uagb-container uagb-block-25bbc344 alignfull uagb-is-root-container\"><div class=\"uagb-container-inner-blocks-wrap\">\n<div class=\"wp-block-uagb-advanced-heading uagb-block-04a82708\"><p class=\"uagb-desc-text\">MeinE GESTALTUNGSWEG<\/p><h2 class=\"uagb-heading-text\">So entstehen meine  Projekte<\/h2><\/div>\n\n\n\n<div class=\"wp-block-uagb-container uagb-block-80f61d17\">\n<div class=\"wp-block-uagb-info-box uagb-block-db6bb407 uagb-infobox__content-wrap  uagb-infobox-icon-above-title uagb-infobox-image-valign-top wp-block-uagb-info-box--has-margin\"><div class=\"uagb-infobox-margin-wrapper\"><div class=\"uagb-ifb-content\"><div class=\"uagb-ifb-title-wrap\"><p class=\"uagb-ifb-title-prefix\">Step-01<\/p><h3 class=\"uagb-ifb-title\">Konzept &amp; Planung<\/h3><\/div><p class=\"uagb-ifb-desc\">Planung f\u00fcr optimale Ergebnisse.<\/p><\/div><\/div><\/div>\n\n\n\n<div class=\"wp-block-uagb-info-box uagb-block-b239141f uagb-infobox__content-wrap  uagb-infobox-icon-above-title uagb-infobox-image-valign-top wp-block-uagb-info-box--has-margin\"><div class=\"uagb-infobox-margin-wrapper\"><div class=\"uagb-ifb-content\"><div class=\"uagb-ifb-title-wrap\"><p class=\"uagb-ifb-title-prefix\">Step-02<\/p><h3 class=\"uagb-ifb-title\">Umsetzung &amp; Design<\/h3><\/div><p class=\"uagb-ifb-desc\">Kreative Umsetzung, mit Fokus auf ein detailliertes Design .<\/p><\/div><\/div><\/div>\n<\/div>\n<\/div><\/div>\n\n\n\n<div class=\"wp-block-uagb-container uagb-block-353480fd alignfull uagb-is-root-container\"><div class=\"uagb-container-inner-blocks-wrap\">\n<div class=\"wp-block-uagb-info-box uagb-block-289af9f9 uagb-infobox__content-wrap  uagb-infobox-icon-above-title uagb-infobox-image-valign-top\"><div class=\"uagb-ifb-content\"><div class=\"uagb-ifb-title-wrap\"><h2 class=\"uagb-ifb-title\">Impressum<\/h2><\/div><div class=\"uagb-ifb-button-wrapper wp-block-button\"><a href=\"https:\/\/glossauer-luca.web.kslinz.at\/persoenlichWebsite\/impressum\/\" class=\"uagb-infobox-cta-link wp-block-button__link\" target=\"_self\" rel=\"noopener noreferrer\" onclick=\"return true;\"><span class=\"uagb-inline-editing\">Mehr entdecken<\/span><\/a><\/div><\/div><\/div>\n<\/div><\/div>\n\n\n\n<p><\/p>\n","protected":false},"excerpt":{"rendered":"<p>Luca Glossauer Leistungen Fotografie, Mediendesign &amp; Informatik Mein Projekte Meine St\u00e4rken Kreativit\u00e4t, hohe Qualit\u00e4t, individuelle L\u00f6sungen MeinE GESTALTUNGSWEG So entstehen [&hellip;]<\/p>\n","protected":false},"author":4,"featured_media":0,"parent":0,"menu_order":0,"comment_status":"closed","ping_status":"closed","template":"","meta":{"_uag_custom_page_level_css":"","site-sidebar-layout":"default","site-content-layout":"","ast-site-content-layout":"default","site-content-style":"default","site-sidebar-style":"default","ast-global-header-display":"","ast-banner-title-visibility":"","ast-main-header-display":"","ast-hfb-above-header-display":"","ast-hfb-below-header-display":"","ast-hfb-mobile-header-display":"","site-post-title":"disabled","ast-breadcrumbs-content":"","ast-featured-img":"","footer-sml-layout":"","ast-disable-related-posts":"","theme-transparent-header-meta":"","adv-header-id-meta":"","stick-header-meta":"","header-above-stick-meta":"","header-main-stick-meta":"","header-below-stick-meta":"","astra-migrate-meta-layouts":"default","ast-page-background-enabled":"default","ast-page-background-meta":{"desktop":{"background-color":"var(--ast-global-color-4)","background-image":"","background-repeat":"repeat","background-position":"center center","background-size":"auto","background-attachment":"scroll","background-type":"","background-media":"","overlay-type":"","overlay-color":"","overlay-opacity":"","overlay-gradient":""},"tablet":{"background-color":"","background-image":"","background-repeat":"repeat","background-position":"center center","background-size":"auto","background-attachment":"scroll","background-type":"","background-media":"","overlay-type":"","overlay-color":"","overlay-opacity":"","overlay-gradient":""},"mobile":{"background-color":"","background-image":"","background-repeat":"repeat","background-position":"center center","background-size":"auto","background-attachment":"scroll","background-type":"","background-media":"","overlay-type":"","overlay-color":"","overlay-opacity":"","overlay-gradient":""}},"ast-content-background-meta":{"desktop":{"background-color":"var(--ast-global-color-5)","background-image":"","background-repeat":"repeat","background-position":"center center","background-size":"auto","background-attachment":"scroll","background-type":"","background-media":"","overlay-type":"","overlay-color":"","overlay-opacity":"","overlay-gradient":""},"tablet":{"background-color":"var(--ast-global-color-5)","background-image":"","background-repeat":"repeat","background-position":"center center","background-size":"auto","background-attachment":"scroll","background-type":"","background-media":"","overlay-type":"","overlay-color":"","overlay-opacity":"","overlay-gradient":""},"mobile":{"background-color":"var(--ast-global-color-5)","background-image":"","background-repeat":"repeat","background-position":"center center","background-size":"auto","background-attachment":"scroll","background-type":"","background-media":"","overlay-type":"","overlay-color":"","overlay-opacity":"","overlay-gradient":""}},"footnotes":""},"class_list":["post-14","page","type-page","status-publish","hentry"],"uagb_featured_image_src":{"full":false,"thumbnail":false,"medium":false,"medium_large":false,"large":false,"1536x1536":false,"2048x2048":false},"uagb_author_info":{"display_name":"Luca","author_link":"https:\/\/glossauer-luca.web.kslinz.at\/persoenlichWebsite\/author\/jjmsc7ioocqr\/"},"uagb_comment_info":0,"uagb_excerpt":"Luca Glossauer Leistungen Fotografie, Mediendesign &amp; Informatik Mein Projekte Meine St\u00e4rken Kreativit\u00e4t, hohe Qualit\u00e4t, individuelle L\u00f6sungen MeinE GESTALTUNGSWEG So entstehen [&hellip;]","_links":{"self":[{"href":"https:\/\/glossauer-luca.web.kslinz.at\/persoenlichWebsite\/wp-json\/wp\/v2\/pages\/14","targetHints":{"allow":["GET"]}}],"collection":[{"href":"https:\/\/glossauer-luca.web.kslinz.at\/persoenlichWebsite\/wp-json\/wp\/v2\/pages"}],"about":[{"href":"https:\/\/glossauer-luca.web.kslinz.at\/persoenlichWebsite\/wp-json\/wp\/v2\/types\/page"}],"author":[{"embeddable":true,"href":"https:\/\/glossauer-luca.web.kslinz.at\/persoenlichWebsite\/wp-json\/wp\/v2\/users\/4"}],"replies":[{"embeddable":true,"href":"https:\/\/glossauer-luca.web.kslinz.at\/persoenlichWebsite\/wp-json\/wp\/v2\/comments?post=14"}],"version-history":[{"count":10,"href":"https:\/\/glossauer-luca.web.kslinz.at\/persoenlichWebsite\/wp-json\/wp\/v2\/pages\/14\/revisions"}],"predecessor-version":[{"id":346,"href":"https:\/\/glossauer-luca.web.kslinz.at\/persoenlichWebsite\/wp-json\/wp\/v2\/pages\/14\/revisions\/346"}],"wp:attachment":[{"href":"https:\/\/glossauer-luca.web.kslinz.at\/persoenlichWebsite\/wp-json\/wp\/v2\/media?parent=14"}],"curies":[{"name":"wp","href":"https:\/\/api.w.org\/{rel}","templated":true}]}}